{"id":5,"date":"2023-12-21T10:42:09","date_gmt":"2023-12-21T09:42:09","guid":{"rendered":"https:\/\/taxandiuris.com\/inicio\/"},"modified":"2023-12-28T09:58:35","modified_gmt":"2023-12-28T08:58:35","slug":"inicio","status":"publish","type":"page","link":"https:\/\/taxandiuris.com\/en\/","title":{"rendered":"Inicio"},"content":{"rendered":"<section class=\"bde-section-5-100 bde-section\">\n  \n\t\n\n\n\n<div class=\"section-container\"><div class=\"bde-basicslider-5-101 bde-basicslider\">\n<div class=\"breakdance-swiper-wrapper\" data-swiper-id=\"101\">\n    <div class=\"swiper\">\n      <div class=\"swiper-wrapper\">\n      \n\t                    \n        <div class=\"swiper-slide\">\n          <div class=\"bde-basicslider__slide\" style=\"  background: var(--bde-brand-primary-color);\">\n              <div class=\"bde-basicslider__content\">\n                          <h2 class=\"bde-basicslider__title\">Dynamic Answers to Tax Challenges: Our Promise, Your Peace<\/h2>\n                                                        \n                                    \n    \n    \n    \n    \n            \n                    \n            \n            \n\n    \n    \n    \n    \n    <a class=\"breakdance-link button-atom button-atom--custom bde-basicslider__button\" href=\"https:\/\/taxandiuris.com\/en\/services\/#asesoramiento-tributario\" target=\"_self\" data-type=\"url\"  >\n\n    \n        <span class=\"button-atom__text\">More information<\/span>\n\n        \n        \n                <\/a>\n\n    \n\n                        <\/div>\n\n\t\t\t\t\t\t<div class=\"bde-basicslider__overlay\" style=\"  background: #00000085;\"><\/div>\n\t\t\t\t\t\t                \n  \n  \n  \n  \n      \n      <img decoding=\"async\"\n      class=\"breakdance-image-object bde-basicslider__image\"\n      src=\"https:\/\/taxandiuris.com\/wp-content\/uploads\/2023\/12\/tributario.jpg\"\n      width=\"1920\"\n      height=\"1280\"\n      \n      loading=\"lazy\"\n                                    srcset=\"https:\/\/taxandiuris.com\/wp-content\/uploads\/2023\/12\/tributario.jpg 1920w, https:\/\/taxandiuris.com\/wp-content\/uploads\/2023\/12\/tributario-300x200.jpg 300w, https:\/\/taxandiuris.com\/wp-content\/uploads\/2023\/12\/tributario-1024x683.jpg 1024w, https:\/\/taxandiuris.com\/wp-content\/uploads\/2023\/12\/tributario-768x512.jpg 768w, https:\/\/taxandiuris.com\/wp-content\/uploads\/2023\/12\/tributario-1536x1024.jpg 1536w\"\n                                                                      >\n  \n\t\t\t\n          <\/div>\n        <\/div>\n       \n\t                    \n        <div class=\"swiper-slide\">\n          <div class=\"bde-basicslider__slide\" style=\"  background: var(--bde-brand-primary-color);\">\n              <div class=\"bde-basicslider__content\">\n                          <h2 class=\"bde-basicslider__title\">Dynamic Growth, Steady Finances: Your Daily Support for Accounting and Taxes<\/h2>\n                                                        \n                                    \n    \n    \n    \n    \n            \n                    \n            \n            \n\n    \n    \n    \n    \n    <a class=\"breakdance-link button-atom button-atom--custom bde-basicslider__button\" href=\"https:\/\/taxandiuris.com\/en\/services\/#contabilidad-y-gestion-de-negocios\" target=\"_self\" data-type=\"url\"  >\n\n    \n        <span class=\"button-atom__text\">More information<\/span>\n\n        \n        \n                <\/a>\n\n    \n\n                        <\/div>\n\n\t\t\t\t\t\t<div class=\"bde-basicslider__overlay\" style=\"  background: #00000085;\"><\/div>\n\t\t\t\t\t\t                \n  \n  \n  \n  \n      \n      <img decoding=\"async\"\n      class=\"breakdance-image-object bde-basicslider__image\"\n      src=\"https:\/\/taxandiuris.com\/wp-content\/uploads\/2023\/12\/contabilidad.jpg\"\n      width=\"1920\"\n      height=\"1280\"\n      \n      loading=\"lazy\"\n                                    srcset=\"https:\/\/taxandiuris.com\/wp-content\/uploads\/2023\/12\/contabilidad.jpg 1920w, https:\/\/taxandiuris.com\/wp-content\/uploads\/2023\/12\/contabilidad-300x200.jpg 300w, https:\/\/taxandiuris.com\/wp-content\/uploads\/2023\/12\/contabilidad-1024x683.jpg 1024w, https:\/\/taxandiuris.com\/wp-content\/uploads\/2023\/12\/contabilidad-768x512.jpg 768w, https:\/\/taxandiuris.com\/wp-content\/uploads\/2023\/12\/contabilidad-1536x1024.jpg 1536w\"\n                                                                      >\n  \n\t\t\t\n          <\/div>\n        <\/div>\n       \n\t                    \n        <div class=\"swiper-slide\">\n          <div class=\"bde-basicslider__slide\" style=\"  background: var(--bde-brand-primary-color);\">\n              <div class=\"bde-basicslider__content\">\n                          <h2 class=\"bde-basicslider__title\">Solving Conflicts, Safeguarding Your Interests: Where Professionalism Meets Experience<\/h2>\n                                                        \n                                    \n    \n    \n    \n    \n            \n                    \n            \n            \n\n    \n    \n    \n    \n    <a class=\"breakdance-link button-atom button-atom--custom bde-basicslider__button\" href=\"https:\/\/taxandiuris.com\/en\/services\/#contencioso-tributario\" target=\"_self\" data-type=\"url\"  >\n\n    \n        <span class=\"button-atom__text\">More information<\/span>\n\n        \n        \n                <\/a>\n\n    \n\n                        <\/div>\n\n\t\t\t\t\t\t<div class=\"bde-basicslider__overlay\" style=\"  background: #00000085;\"><\/div>\n\t\t\t\t\t\t                \n  \n  \n  \n  \n      \n      <img decoding=\"async\"\n      class=\"breakdance-image-object bde-basicslider__image\"\n      src=\"https:\/\/taxandiuris.com\/wp-content\/uploads\/2023\/12\/contencioso.jpg\"\n      width=\"1920\"\n      height=\"1280\"\n      \n      loading=\"lazy\"\n                                    srcset=\"https:\/\/taxandiuris.com\/wp-content\/uploads\/2023\/12\/contencioso.jpg 1920w, https:\/\/taxandiuris.com\/wp-content\/uploads\/2023\/12\/contencioso-300x200.jpg 300w, https:\/\/taxandiuris.com\/wp-content\/uploads\/2023\/12\/contencioso-1024x683.jpg 1024w, https:\/\/taxandiuris.com\/wp-content\/uploads\/2023\/12\/contencioso-768x512.jpg 768w, https:\/\/taxandiuris.com\/wp-content\/uploads\/2023\/12\/contencioso-1536x1024.jpg 1536w\"\n                                                                      >\n  \n\t\t\t\n          <\/div>\n        <\/div>\n       \n\t                    \n        <div class=\"swiper-slide\">\n          <div class=\"bde-basicslider__slide\" style=\"  background: var(--bde-brand-primary-color);\">\n              <div class=\"bde-basicslider__content\">\n                          <h2 class=\"bde-basicslider__title\">Your Success, Our Commitment: Tailored Labor Solutions for You<\/h2>\n                                                        \n                                    \n    \n    \n    \n    \n            \n                    \n            \n            \n\n    \n    \n    \n    \n    <a class=\"breakdance-link button-atom button-atom--custom bde-basicslider__button\" href=\"https:\/\/taxandiuris.com\/en\/services\/#derecho-laboral\" target=\"_self\" data-type=\"url\"  >\n\n    \n        <span class=\"button-atom__text\">More information<\/span>\n\n        \n        \n                <\/a>\n\n    \n\n                        <\/div>\n\n\t\t\t\t\t\t<div class=\"bde-basicslider__overlay\" style=\"  background: #00000085;\"><\/div>\n\t\t\t\t\t\t                \n  \n  \n  \n  \n      \n      <img decoding=\"async\"\n      class=\"breakdance-image-object bde-basicslider__image\"\n      src=\"https:\/\/taxandiuris.com\/wp-content\/uploads\/2023\/12\/laboral.jpg\"\n      width=\"1920\"\n      height=\"1280\"\n      \n      loading=\"lazy\"\n                                    srcset=\"https:\/\/taxandiuris.com\/wp-content\/uploads\/2023\/12\/laboral.jpg 1920w, https:\/\/taxandiuris.com\/wp-content\/uploads\/2023\/12\/laboral-300x200.jpg 300w, https:\/\/taxandiuris.com\/wp-content\/uploads\/2023\/12\/laboral-1024x683.jpg 1024w, https:\/\/taxandiuris.com\/wp-content\/uploads\/2023\/12\/laboral-768x512.jpg 768w, https:\/\/taxandiuris.com\/wp-content\/uploads\/2023\/12\/laboral-1536x1024.jpg 1536w\"\n                                                                      >\n  \n\t\t\t\n          <\/div>\n        <\/div>\n       \n\t                    \n        <div class=\"swiper-slide\">\n          <div class=\"bde-basicslider__slide\" style=\"  background: var(--bde-brand-primary-color);\">\n              <div class=\"bde-basicslider__content\">\n                          <h2 class=\"bde-basicslider__title\">Tailoring Tax-Efficient Business Structures: Where Design Meets Fiscal Strategy<\/h2>\n                                                        \n                                    \n    \n    \n    \n    \n            \n                    \n            \n            \n\n    \n    \n    \n    \n    <a class=\"breakdance-link button-atom button-atom--custom bde-basicslider__button\" href=\"https:\/\/taxandiuris.com\/en\/services\/#derecho-mercantil\" target=\"_self\" data-type=\"url\"  >\n\n    \n        <span class=\"button-atom__text\">More information<\/span>\n\n        \n        \n                <\/a>\n\n    \n\n                        <\/div>\n\n\t\t\t\t\t\t<div class=\"bde-basicslider__overlay\" style=\"  background: #00000085;\"><\/div>\n\t\t\t\t\t\t                \n  \n  \n  \n  \n      \n      <img decoding=\"async\"\n      class=\"breakdance-image-object bde-basicslider__image\"\n      src=\"https:\/\/taxandiuris.com\/wp-content\/uploads\/2023\/12\/mercantil.jpg\"\n      width=\"1920\"\n      height=\"1280\"\n      \n      loading=\"lazy\"\n                                    srcset=\"https:\/\/taxandiuris.com\/wp-content\/uploads\/2023\/12\/mercantil.jpg 1920w, https:\/\/taxandiuris.com\/wp-content\/uploads\/2023\/12\/mercantil-300x200.jpg 300w, https:\/\/taxandiuris.com\/wp-content\/uploads\/2023\/12\/mercantil-1024x683.jpg 1024w, https:\/\/taxandiuris.com\/wp-content\/uploads\/2023\/12\/mercantil-768x512.jpg 768w, https:\/\/taxandiuris.com\/wp-content\/uploads\/2023\/12\/mercantil-1536x1024.jpg 1536w\"\n                                                                      >\n  \n\t\t\t\n          <\/div>\n        <\/div>\n       \n      <\/div>\n    <\/div>\n                <div class=\"swiper-button-prev\">\n            \n        <\/div>\n        <div class=\"swiper-button-next\">\n            \n        <\/div>\n    \n            <div class=\"swiper-pagination\"><\/div>\n    \n<\/div>\n\n<\/div><\/div>\n<\/section><section class=\"bde-section-5-102 bde-section\">\n  \n\t\n\n\n\n<div class=\"section-container\"><h2 class=\"bde-heading-5-103 bde-heading\">\nOur services\n<\/h2><div class=\"bde-div-5-131 bde-div\">\n  \n\t\n\n\n\n<a class=\"bde-container-link-5-116 bde-container-link breakdance-link\" href=\"https:\/\/taxandiuris.com\/en\/services\/#asesoramiento-tributario\" target=\"_self\" data-type=\"url\">\n  \n\t\n\n\n\n<div class=\"bde-image-5-118 bde-image\">\n  \n\n\n\n\n\n<figure class=\"breakdance-image breakdance-image--178\">\n\t<div class=\"breakdance-image-container\">\n\t\t<div class=\"breakdance-image-clip\">\n\t\t\t\n\t\t\t\t\n\t\t\t\t\t      \n  \n  \n  \n  \n      \n      <img decoding=\"async\"\n      class=\"breakdance-image-object\"\n      src=\"https:\/\/taxandiuris.com\/wp-content\/uploads\/2023\/12\/tributario-768x512.jpg\"\n      width=\"768\"\n      height=\"512\"\n      \n      loading=\"lazy\"\n                                    srcset=\"https:\/\/taxandiuris.com\/wp-content\/uploads\/2023\/12\/tributario.jpg 1920w, https:\/\/taxandiuris.com\/wp-content\/uploads\/2023\/12\/tributario-300x200.jpg 300w, https:\/\/taxandiuris.com\/wp-content\/uploads\/2023\/12\/tributario-1024x683.jpg 1024w, https:\/\/taxandiuris.com\/wp-content\/uploads\/2023\/12\/tributario-768x512.jpg 768w, https:\/\/taxandiuris.com\/wp-content\/uploads\/2023\/12\/tributario-1536x1024.jpg 1536w\"\n                                                                      >\n  \n\n\t\t\t\t\t\n\t\t\t\t\t\t<\/div>\n\t<\/div>\n\n\t<\/figure>\n\n<\/div><h3 class=\"bde-heading-5-117 bde-heading\">\nTax Advisory Services\n<\/h3>\n\n<\/a><a class=\"bde-container-link-5-147 bde-container-link breakdance-link\" href=\"https:\/\/taxandiuris.com\/en\/services\/#contencioso-tributario\" target=\"_self\" data-type=\"url\">\n  \n\t\n\n\n\n<div class=\"bde-image-5-148 bde-image\">\n  \n\n\n\n\n\n<figure class=\"breakdance-image breakdance-image--175\">\n\t<div class=\"breakdance-image-container\">\n\t\t<div class=\"breakdance-image-clip\">\n\t\t\t\n\t\t\t\t\n\t\t\t\t\t      \n  \n  \n  \n  \n      \n      <img decoding=\"async\"\n      class=\"breakdance-image-object\"\n      src=\"https:\/\/taxandiuris.com\/wp-content\/uploads\/2023\/12\/contencioso-768x512.jpg\"\n      width=\"768\"\n      height=\"512\"\n      \n      loading=\"lazy\"\n                                    srcset=\"https:\/\/taxandiuris.com\/wp-content\/uploads\/2023\/12\/contencioso.jpg 1920w, https:\/\/taxandiuris.com\/wp-content\/uploads\/2023\/12\/contencioso-300x200.jpg 300w, https:\/\/taxandiuris.com\/wp-content\/uploads\/2023\/12\/contencioso-1024x683.jpg 1024w, https:\/\/taxandiuris.com\/wp-content\/uploads\/2023\/12\/contencioso-768x512.jpg 768w, https:\/\/taxandiuris.com\/wp-content\/uploads\/2023\/12\/contencioso-1536x1024.jpg 1536w\"\n                                                                      >\n  \n\n\t\t\t\t\t\n\t\t\t\t\t\t<\/div>\n\t<\/div>\n\n\t<\/figure>\n\n<\/div><h3 class=\"bde-heading-5-149 bde-heading\">\nTax Administrative Litigation\n<\/h3>\n\n<\/a><a class=\"bde-container-link-5-122 bde-container-link breakdance-link\" href=\"https:\/\/taxandiuris.com\/en\/services\/#contabilidad-y-gestion-de-negocios\" target=\"_self\" data-type=\"url\">\n  \n\t\n\n\n\n<div class=\"bde-image-5-123 bde-image\">\n  \n\n\n\n\n\n<figure class=\"breakdance-image breakdance-image--174\">\n\t<div class=\"breakdance-image-container\">\n\t\t<div class=\"breakdance-image-clip\">\n\t\t\t\n\t\t\t\t\n\t\t\t\t\t      \n  \n  \n  \n  \n      \n      <img decoding=\"async\"\n      class=\"breakdance-image-object\"\n      src=\"https:\/\/taxandiuris.com\/wp-content\/uploads\/2023\/12\/contabilidad-768x512.jpg\"\n      width=\"768\"\n      height=\"512\"\n      \n      loading=\"lazy\"\n                                    srcset=\"https:\/\/taxandiuris.com\/wp-content\/uploads\/2023\/12\/contabilidad.jpg 1920w, https:\/\/taxandiuris.com\/wp-content\/uploads\/2023\/12\/contabilidad-300x200.jpg 300w, https:\/\/taxandiuris.com\/wp-content\/uploads\/2023\/12\/contabilidad-1024x683.jpg 1024w, https:\/\/taxandiuris.com\/wp-content\/uploads\/2023\/12\/contabilidad-768x512.jpg 768w, https:\/\/taxandiuris.com\/wp-content\/uploads\/2023\/12\/contabilidad-1536x1024.jpg 1536w\"\n                                                                      >\n  \n\n\t\t\t\t\t\n\t\t\t\t\t\t<\/div>\n\t<\/div>\n\n\t<\/figure>\n\n<\/div><h3 class=\"bde-heading-5-124 bde-heading\">\nAccounting And Business Management\n<\/h3>\n\n<\/a><a class=\"bde-container-link-5-125 bde-container-link breakdance-link\" href=\"https:\/\/taxandiuris.com\/en\/services\/#derecho-laboral\" target=\"_self\" data-type=\"url\">\n  \n\t\n\n\n\n<div class=\"bde-image-5-126 bde-image\">\n  \n\n\n\n\n\n<figure class=\"breakdance-image breakdance-image--176\">\n\t<div class=\"breakdance-image-container\">\n\t\t<div class=\"breakdance-image-clip\">\n\t\t\t\n\t\t\t\t\n\t\t\t\t\t      \n  \n  \n  \n  \n      \n      <img decoding=\"async\"\n      class=\"breakdance-image-object\"\n      src=\"https:\/\/taxandiuris.com\/wp-content\/uploads\/2023\/12\/laboral-768x512.jpg\"\n      width=\"768\"\n      height=\"512\"\n      \n      loading=\"lazy\"\n                                    srcset=\"https:\/\/taxandiuris.com\/wp-content\/uploads\/2023\/12\/laboral.jpg 1920w, https:\/\/taxandiuris.com\/wp-content\/uploads\/2023\/12\/laboral-300x200.jpg 300w, https:\/\/taxandiuris.com\/wp-content\/uploads\/2023\/12\/laboral-1024x683.jpg 1024w, https:\/\/taxandiuris.com\/wp-content\/uploads\/2023\/12\/laboral-768x512.jpg 768w, https:\/\/taxandiuris.com\/wp-content\/uploads\/2023\/12\/laboral-1536x1024.jpg 1536w\"\n                                                                      >\n  \n\n\t\t\t\t\t\n\t\t\t\t\t\t<\/div>\n\t<\/div>\n\n\t<\/figure>\n\n<\/div><h3 class=\"bde-heading-5-127 bde-heading\">\nLabor Law\n<\/h3>\n\n<\/a><a class=\"bde-container-link-5-128 bde-container-link breakdance-link\" href=\"https:\/\/taxandiuris.com\/en\/services\/#derecho-mercantil\" target=\"_self\" data-type=\"url\">\n  \n\t\n\n\n\n<div class=\"bde-image-5-129 bde-image\">\n  \n\n\n\n\n\n<figure class=\"breakdance-image breakdance-image--177\">\n\t<div class=\"breakdance-image-container\">\n\t\t<div class=\"breakdance-image-clip\">\n\t\t\t\n\t\t\t\t\n\t\t\t\t\t      \n  \n  \n  \n  \n      \n      <img decoding=\"async\"\n      class=\"breakdance-image-object\"\n      src=\"https:\/\/taxandiuris.com\/wp-content\/uploads\/2023\/12\/mercantil-768x512.jpg\"\n      width=\"768\"\n      height=\"512\"\n      \n      loading=\"lazy\"\n                                    srcset=\"https:\/\/taxandiuris.com\/wp-content\/uploads\/2023\/12\/mercantil.jpg 1920w, https:\/\/taxandiuris.com\/wp-content\/uploads\/2023\/12\/mercantil-300x200.jpg 300w, https:\/\/taxandiuris.com\/wp-content\/uploads\/2023\/12\/mercantil-1024x683.jpg 1024w, https:\/\/taxandiuris.com\/wp-content\/uploads\/2023\/12\/mercantil-768x512.jpg 768w, https:\/\/taxandiuris.com\/wp-content\/uploads\/2023\/12\/mercantil-1536x1024.jpg 1536w\"\n                                                                      >\n  \n\n\t\t\t\t\t\n\t\t\t\t\t\t<\/div>\n\t<\/div>\n\n\t<\/figure>\n\n<\/div><h3 class=\"bde-heading-5-130 bde-heading\">\nCommercial Law\n<\/h3>\n\n<\/a>\n<\/div><\/div>\n<\/section><section class=\"bde-section-5-110 bde-section\">\n  \n\t\n\n\n\n<div class=\"section-container\"><h2 class=\"bde-heading-5-111 bde-heading\">\nLatest blog posts\n<\/h2><div class=\"bde-post-list-5-112 bde-post-list\">\n<div class=\"ee-posts ee-posts-grid\">    <article class=\"ee-post\">\n        \n                                <a class=\"ee-post-image-link\" href=\"https:\/\/taxandiuris.com\/en\/como-impactan-las-subidas-o-bajadas-salariales-en-el-impuesto-sobre-la-renta-de-las-personas-fisicas-que-pago-claves-y-mitos\/\">\n                <div class=\"ee-post-image\">\n                    <img loading=\"lazy\" decoding=\"async\" width=\"1920\" height=\"1280\" src=\"https:\/\/taxandiuris.com\/wp-content\/uploads\/2023\/12\/contabilidad.jpg\" class=\"attachment-full size-full wp-post-image\" alt=\"\" srcset=\"https:\/\/taxandiuris.com\/wp-content\/uploads\/2023\/12\/contabilidad.jpg 1920w, https:\/\/taxandiuris.com\/wp-content\/uploads\/2023\/12\/contabilidad-300x200.jpg 300w, https:\/\/taxandiuris.com\/wp-content\/uploads\/2023\/12\/contabilidad-1024x683.jpg 1024w, https:\/\/taxandiuris.com\/wp-content\/uploads\/2023\/12\/contabilidad-768x512.jpg 768w, https:\/\/taxandiuris.com\/wp-content\/uploads\/2023\/12\/contabilidad-1536x1024.jpg 1536w\" sizes=\"auto, (max-width: 1920px) 100vw, 1920px\" \/>                <\/div>\n            <\/a>\n        \n        \n        <div class=\"ee-post-wrap\">\n            \n                            <h4 class=\"ee-post-title\">\n                    <a class=\"ee-post-title-link\" href=\"https:\/\/taxandiuris.com\/en\/como-impactan-las-subidas-o-bajadas-salariales-en-el-impuesto-sobre-la-renta-de-las-personas-fisicas-que-pago-claves-y-mitos\/\" >\n                        \u00bfC\u00f3mo impactan las subidas (o bajadas) salariales en el impuesto sobre la renta de las personas f\u00edsicas que pago? Claves y mitos.                    <\/a>\n                <\/h4>\n                            <div class=\"ee-post-content\">\n                    En el presente art\u00edculo tratamos de abordar de una forma sencilla y pr\u00e1ctica el m\u00e9todo de c\u00e1lculo de los impuestos que pagamos en nuestra declaraci\u00f3n de la renta, esto es, [...]                <\/div>\n            \n    \n                                    \n    \n    \n    \n    \n            \n                    \n            \n            \n\n    \n    \n    \n    \n    <a class=\"breakdance-link button-atom button-atom--custom ee-post-button\" href=\"https:\/\/taxandiuris.com\/en\/como-impactan-las-subidas-o-bajadas-salariales-en-el-impuesto-sobre-la-renta-de-las-personas-fisicas-que-pago-claves-y-mitos\/\" target=\"_self\" data-type=\"\"  >\n\n    \n        <span class=\"button-atom__text\">Read More<\/span>\n\n        \n        \n                <\/a>\n\n    \n\n\n\n\n            \n        <\/div>\n\n            <\/article>\n\n<\/div>\n<\/div><\/div>\n<\/section>","protected":false},"excerpt":{"rendered":"","protected":false},"author":1,"featured_media":0,"parent":0,"menu_order":0,"comment_status":"closed","ping_status":"closed","template":"","meta":{"_breakdance_hide_in_design_set":false,"_breakdance_tags":"","footnotes":""},"class_list":["post-5","page","type-page","status-publish","hentry"],"_links":{"self":[{"href":"https:\/\/taxandiuris.com\/en\/wp-json\/wp\/v2\/pages\/5","targetHints":{"allow":["GET"]}}],"collection":[{"href":"https:\/\/taxandiuris.com\/en\/wp-json\/wp\/v2\/pages"}],"about":[{"href":"https:\/\/taxandiuris.com\/en\/wp-json\/wp\/v2\/types\/page"}],"author":[{"embeddable":true,"href":"https:\/\/taxandiuris.com\/en\/wp-json\/wp\/v2\/users\/1"}],"replies":[{"embeddable":true,"href":"https:\/\/taxandiuris.com\/en\/wp-json\/wp\/v2\/comments?post=5"}],"version-history":[{"count":48,"href":"https:\/\/taxandiuris.com\/en\/wp-json\/wp\/v2\/pages\/5\/revisions"}],"predecessor-version":[{"id":228,"href":"https:\/\/taxandiuris.com\/en\/wp-json\/wp\/v2\/pages\/5\/revisions\/228"}],"wp:attachment":[{"href":"https:\/\/taxandiuris.com\/en\/wp-json\/wp\/v2\/media?parent=5"}],"curies":[{"name":"wp","href":"https:\/\/api.w.org\/{rel}","templated":true}]}}