{"id":56,"date":"2023-12-21T12:20:48","date_gmt":"2023-12-21T11:20:48","guid":{"rendered":"https:\/\/taxandiuris.com\/?page_id=56"},"modified":"2023-12-28T10:04:07","modified_gmt":"2023-12-28T09:04:07","slug":"servicios","status":"publish","type":"page","link":"https:\/\/taxandiuris.com\/ca\/serveis\/","title":{"rendered":"Serveis"},"content":{"rendered":"<section class=\"bde-section-56-100 bde-section\">\n  \n\t\n\n\n\n<div class=\"section-container\"><h1 class=\"bde-heading-56-101 bde-heading\">\nServeis\n<\/h1><\/div>\n<\/section><section id=\"asesoramiento-tributario\" class=\"bde-section-56-143 bde-section scroll-offset\">\n  \n\t\n\n\n\n<div class=\"section-container\"><h2 class=\"bde-heading-56-115 bde-heading\">\nAssessorament tributari\n<\/h2><div class=\"bde-columns-56-111 bde-columns\"><div class=\"bde-column-56-112 bde-column\">\n  \n\t\n\n\n\n<div class=\"bde-image-56-113 bde-image\">\n  \n\n\n\n\n\n<figure class=\"breakdance-image breakdance-image--178\">\n\t<div class=\"breakdance-image-container\">\n\t\t<div class=\"breakdance-image-clip\">\n\t\t\t\n\t\t\t\t\n\t\t\t\t\t      \n  \n  \n  \n  \n      \n      <img decoding=\"async\"\n      class=\"breakdance-image-object\"\n      src=\"https:\/\/taxandiuris.com\/wp-content\/uploads\/2023\/12\/tributario-768x512.jpg\"\n      width=\"768\"\n      height=\"512\"\n      \n      loading=\"lazy\"\n                                    srcset=\"https:\/\/taxandiuris.com\/wp-content\/uploads\/2023\/12\/tributario.jpg 1920w, https:\/\/taxandiuris.com\/wp-content\/uploads\/2023\/12\/tributario-300x200.jpg 300w, https:\/\/taxandiuris.com\/wp-content\/uploads\/2023\/12\/tributario-1024x683.jpg 1024w, https:\/\/taxandiuris.com\/wp-content\/uploads\/2023\/12\/tributario-768x512.jpg 768w, https:\/\/taxandiuris.com\/wp-content\/uploads\/2023\/12\/tributario-1536x1024.jpg 1536w\"\n                                                                      >\n  \n\n\t\t\t\t\t\n\t\t\t\t\t\t<\/div>\n\t<\/div>\n\n\t<\/figure>\n\n<\/div>\n<\/div><div class=\"bde-column-56-114 bde-column\">\n  \n\t\n\n\n\n<ul class=\"bde-basic-list-56-116 bde-basic-list\">\n  <li  >    \n          Imposici\u00f3 directa i indirecta\n      <\/li>\n  <li  >    \n          Tributs locals\n      <\/li>\n  <li  >    \n          Preus de transfer\u00e8ncia i operacions vinculades (an\u00e0lisi i valoraci\u00f3 de les operacions vinculades, documentaci\u00f3 de preus de transfer\u00e8ncia, revisi\u00f3 i disseny de pol\u00edtiques de preus de transfer\u00e8ncia, acords previs de valoraci\u00f3 davant de l'AEAT, etc)\n      <\/li>\n  <li  >    \n          Fiscalitat internacional (impatriats, expatriats, fiscalitat transfronterera de b\u00e9ns i serveis, etc)\n      <\/li>\n  <li  >    \n          Planificaci\u00f3 fiscal i patrimonial\n      <\/li>\n  <li  >    \n          Due Diligence Fiscal\n      <\/li>\n  <li  >    \n          Elaboraci\u00f3 d'informes tributaris\n      <\/li>\n<\/ul>\n<\/div><\/div><\/div>\n<\/section><section id=\"contencioso-tributario\" class=\"bde-section-56-144 bde-section scroll-offset\">\n  \n\t\n\n\n\n<div class=\"section-container\"><h2 class=\"bde-heading-56-122 bde-heading\">\nContenci\u00f3s tributari\n<\/h2><div class=\"bde-columns-56-118 bde-columns\"><div class=\"bde-column-56-119 bde-column\">\n  \n\t\n\n\n\n<div class=\"bde-image-56-120 bde-image\">\n  \n\n\n\n\n\n<figure class=\"breakdance-image breakdance-image--175\">\n\t<div class=\"breakdance-image-container\">\n\t\t<div class=\"breakdance-image-clip\">\n\t\t\t\n\t\t\t\t\n\t\t\t\t\t      \n  \n  \n  \n  \n      \n      <img decoding=\"async\"\n      class=\"breakdance-image-object\"\n      src=\"https:\/\/taxandiuris.com\/wp-content\/uploads\/2023\/12\/contencioso-768x512.jpg\"\n      width=\"768\"\n      height=\"512\"\n      \n      loading=\"lazy\"\n                                    srcset=\"https:\/\/taxandiuris.com\/wp-content\/uploads\/2023\/12\/contencioso-768x512.jpg 768w, https:\/\/taxandiuris.com\/wp-content\/uploads\/2023\/12\/contencioso-300x200.jpg 300w, https:\/\/taxandiuris.com\/wp-content\/uploads\/2023\/12\/contencioso-1024x683.jpg 1024w, https:\/\/taxandiuris.com\/wp-content\/uploads\/2023\/12\/contencioso-1536x1024.jpg 1536w, https:\/\/taxandiuris.com\/wp-content\/uploads\/2023\/12\/contencioso.jpg 1920w\"\n                                                                      >\n  \n\n\t\t\t\t\t\n\t\t\t\t\t\t<\/div>\n\t<\/div>\n\n\t<\/figure>\n\n<\/div>\n<\/div><div class=\"bde-column-56-121 bde-column\">\n  \n\t\n\n\n\n<ul class=\"bde-basic-list-56-123 bde-basic-list\">\n  <li  >    \n          Procediments de gesti\u00f3, recaptaci\u00f3, sancionadors i inspecci\u00f3 tribut\u00e0ria\n      <\/li>\n  <li  >    \n          Derivacions de responsabilitat\n      <\/li>\n  <li  >    \n          Actuacions i representaci\u00f3 davant de l'Administraci\u00f3 Tribut\u00e0ria\n      <\/li>\n  <li  >    \n          Recursos i reclamacions davant d'\u00f2rgans i tribunals administratius o contenciosos\n      <\/li>\n  <li  >    \n          Assessorament en procediments de delicte fiscal\n      <\/li>\n<\/ul>\n<\/div><\/div><\/div>\n<\/section><section id=\"contabilidad-y-gestion-de-negocios\" class=\"bde-section-56-145 bde-section scroll-offset\">\n  \n\t\n\n\n\n<div class=\"section-container\"><h2 class=\"bde-heading-56-128 bde-heading\">\nComptabilitat i gesti\u00f3 de negocis\n<\/h2><div class=\"bde-columns-56-124 bde-columns\"><div class=\"bde-column-56-125 bde-column\">\n  \n\t\n\n\n\n<div class=\"bde-image-56-126 bde-image\">\n  \n\n\n\n\n\n<figure class=\"breakdance-image breakdance-image--174\">\n\t<div class=\"breakdance-image-container\">\n\t\t<div class=\"breakdance-image-clip\">\n\t\t\t\n\t\t\t\t\n\t\t\t\t\t      \n  \n  \n  \n  \n      \n      <img decoding=\"async\"\n      class=\"breakdance-image-object\"\n      src=\"https:\/\/taxandiuris.com\/wp-content\/uploads\/2023\/12\/contabilidad-768x512.jpg\"\n      width=\"768\"\n      height=\"512\"\n      \n      loading=\"lazy\"\n                                    srcset=\"https:\/\/taxandiuris.com\/wp-content\/uploads\/2023\/12\/contabilidad-768x512.jpg 768w, https:\/\/taxandiuris.com\/wp-content\/uploads\/2023\/12\/contabilidad-300x200.jpg 300w, https:\/\/taxandiuris.com\/wp-content\/uploads\/2023\/12\/contabilidad-1024x683.jpg 1024w, https:\/\/taxandiuris.com\/wp-content\/uploads\/2023\/12\/contabilidad-1536x1024.jpg 1536w, https:\/\/taxandiuris.com\/wp-content\/uploads\/2023\/12\/contabilidad.jpg 1920w\"\n                                                                      >\n  \n\n\t\t\t\t\t\n\t\t\t\t\t\t<\/div>\n\t<\/div>\n\n\t<\/figure>\n\n<\/div>\n<\/div><div class=\"bde-column-56-127 bde-column\">\n  \n\t\n\n\n\n<ul class=\"bde-basic-list-56-129 bde-basic-list\">\n  <li  >    \n          Gesti\u00f3 de la comptabilitat i compliment d'obligacions tribut\u00e0ries i mercantils\n      <\/li>\n  <li  >    \n          Revisi\u00f3 de processos comptables\n      <\/li>\n  <li  >    \n          Assessorament comptable, financer i administratiu a empreses\n      <\/li>\n  <li  >    \n          Elaboraci\u00f3 d'informes econ\u00f2mic-financers\n      <\/li>\n  <li  >    \n          Revisi\u00f3 de processos de presentaci\u00f3 d'impostos peri\u00f2dics\n      <\/li>\n<\/ul>\n<\/div><\/div><\/div>\n<\/section><section id=\"derecho-laboral\" class=\"bde-section-56-146 bde-section scroll-offset\">\n  \n\t\n\n\n\n<div class=\"section-container\"><h2 class=\"bde-heading-56-134 bde-heading\">\nDret laboral\n<\/h2><div class=\"bde-columns-56-130 bde-columns\"><div class=\"bde-column-56-131 bde-column\">\n  \n\t\n\n\n\n<div class=\"bde-image-56-132 bde-image\">\n  \n\n\n\n\n\n<figure class=\"breakdance-image breakdance-image--176\">\n\t<div class=\"breakdance-image-container\">\n\t\t<div class=\"breakdance-image-clip\">\n\t\t\t\n\t\t\t\t\n\t\t\t\t\t      \n  \n  \n  \n  \n      \n      <img decoding=\"async\"\n      class=\"breakdance-image-object\"\n      src=\"https:\/\/taxandiuris.com\/wp-content\/uploads\/2023\/12\/laboral-768x512.jpg\"\n      width=\"768\"\n      height=\"512\"\n      \n      loading=\"lazy\"\n                                    srcset=\"https:\/\/taxandiuris.com\/wp-content\/uploads\/2023\/12\/laboral-768x512.jpg 768w, https:\/\/taxandiuris.com\/wp-content\/uploads\/2023\/12\/laboral-300x200.jpg 300w, https:\/\/taxandiuris.com\/wp-content\/uploads\/2023\/12\/laboral-1024x683.jpg 1024w, https:\/\/taxandiuris.com\/wp-content\/uploads\/2023\/12\/laboral-1536x1024.jpg 1536w, https:\/\/taxandiuris.com\/wp-content\/uploads\/2023\/12\/laboral.jpg 1920w\"\n                                                                      >\n  \n\n\t\t\t\t\t\n\t\t\t\t\t\t<\/div>\n\t<\/div>\n\n\t<\/figure>\n\n<\/div>\n<\/div><div class=\"bde-column-56-133 bde-column\">\n  \n\t\n\n\n\n<ul class=\"bde-basic-list-56-135 bde-basic-list\">\n  <li  >    \n          Assessorament i representaci\u00f3 en inspeccions de treball i Seguretat Social\n      <\/li>\n  <li  >    \n          Assist\u00e8ncia i representaci\u00f3 davant dels serveis de Mediaci\u00f3, Arbitratge i Conciliaci\u00f3\n      <\/li>\n  <li  >    \n          Procediments davant la jurisdicci\u00f3 social (assist\u00e8ncia i representaci\u00f3)\n      <\/li>\n  <li  >    \n          Due Diligence Laboral\n      <\/li>\n<\/ul>\n<\/div><\/div><\/div>\n<\/section><section id=\"derecho-mercantil\" class=\"bde-section-56-147 bde-section scroll-offset\">\n  \n\t\n\n\n\n<div class=\"section-container\"><h2 class=\"bde-heading-56-140 bde-heading\">\nDret mercantil\n<\/h2><div class=\"bde-columns-56-136 bde-columns\"><div class=\"bde-column-56-137 bde-column\">\n  \n\t\n\n\n\n<div class=\"bde-image-56-138 bde-image\">\n  \n\n\n\n\n\n<figure class=\"breakdance-image breakdance-image--177\">\n\t<div class=\"breakdance-image-container\">\n\t\t<div class=\"breakdance-image-clip\">\n\t\t\t\n\t\t\t\t\n\t\t\t\t\t      \n  \n  \n  \n  \n      \n      <img decoding=\"async\"\n      class=\"breakdance-image-object\"\n      src=\"https:\/\/taxandiuris.com\/wp-content\/uploads\/2023\/12\/mercantil-768x512.jpg\"\n      width=\"768\"\n      height=\"512\"\n      \n      loading=\"lazy\"\n                                    srcset=\"https:\/\/taxandiuris.com\/wp-content\/uploads\/2023\/12\/mercantil-768x512.jpg 768w, https:\/\/taxandiuris.com\/wp-content\/uploads\/2023\/12\/mercantil-300x200.jpg 300w, https:\/\/taxandiuris.com\/wp-content\/uploads\/2023\/12\/mercantil-1024x683.jpg 1024w, https:\/\/taxandiuris.com\/wp-content\/uploads\/2023\/12\/mercantil-1536x1024.jpg 1536w, https:\/\/taxandiuris.com\/wp-content\/uploads\/2023\/12\/mercantil.jpg 1920w\"\n                                                                      >\n  \n\n\t\t\t\t\t\n\t\t\t\t\t\t<\/div>\n\t<\/div>\n\n\t<\/figure>\n\n<\/div>\n<\/div><div class=\"bde-column-56-139 bde-column\">\n  \n\t\n\n\n\n<ul class=\"bde-basic-list-56-141 bde-basic-list\">\n  <li  >    \n          Assessorament mercantil (constituci\u00f3 societats, redacci\u00f3 d'estatuts socials, configuraci\u00f3 d'\u00f2rgans d'administraci\u00f3, conflictes societaris, etc.)\n      <\/li>\n  <li  >    \n          Operacions de reestructuraci\u00f3 empresarial (fusions, escissions, canvi de valors, dissoluci\u00f3 i liquidaci\u00f3 de tota mena de mercantils)\n      <\/li>\n  <li  >    \n          Assessorament empresa familiar (protocols familiars, pactes de socis, \u00f2rgans de govern, plans de successi\u00f3 o transmissi\u00f3 de la propietat, separaci\u00f3 patrimoni empresarial i familiar, etc)\n      <\/li>\n<\/ul>\n<\/div><\/div><\/div>\n<\/section>","protected":false},"excerpt":{"rendered":"<p>Servicios Asesoramiento tributario Imposici\u00f3n directa e indirecta Tributos Locales Precios de transferencia y operaciones vinculadas (an\u00e1lisis y valoraci\u00f3n de las operaciones vinculadas, documentaci\u00f3n de precios de transferencia, revisi\u00f3n y dise\u00f1o de pol\u00edticas de precios de transferencia, acuerdos previos de valoraci\u00f3n ante la AEAT, etc) Fiscalidad internacional (impatriados, expatriados, fiscalidad transfronteriza de bienes y servicios, etc) [&hellip;]<\/p>","protected":false},"author":1,"featured_media":0,"parent":0,"menu_order":0,"comment_status":"closed","ping_status":"closed","template":"","meta":{"_breakdance_hide_in_design_set":false,"_breakdance_tags":"","footnotes":""},"class_list":["post-56","page","type-page","status-publish","hentry"],"_links":{"self":[{"href":"https:\/\/taxandiuris.com\/ca\/wp-json\/wp\/v2\/pages\/56","targetHints":{"allow":["GET"]}}],"collection":[{"href":"https:\/\/taxandiuris.com\/ca\/wp-json\/wp\/v2\/pages"}],"about":[{"href":"https:\/\/taxandiuris.com\/ca\/wp-json\/wp\/v2\/types\/page"}],"author":[{"embeddable":true,"href":"https:\/\/taxandiuris.com\/ca\/wp-json\/wp\/v2\/users\/1"}],"replies":[{"embeddable":true,"href":"https:\/\/taxandiuris.com\/ca\/wp-json\/wp\/v2\/comments?post=56"}],"version-history":[{"count":12,"href":"https:\/\/taxandiuris.com\/ca\/wp-json\/wp\/v2\/pages\/56\/revisions"}],"predecessor-version":[{"id":233,"href":"https:\/\/taxandiuris.com\/ca\/wp-json\/wp\/v2\/pages\/56\/revisions\/233"}],"wp:attachment":[{"href":"https:\/\/taxandiuris.com\/ca\/wp-json\/wp\/v2\/media?parent=56"}],"curies":[{"name":"wp","href":"https:\/\/api.w.org\/{rel}","templated":true}]}}